{"id":133,"date":"2019-08-28T15:50:50","date_gmt":"2019-08-28T18:50:50","guid":{"rendered":"https:\/\/marcorosatto.com\/?page_id=133"},"modified":"2025-10-02T10:14:11","modified_gmt":"2025-10-02T13:14:11","slug":"captacao-fotografia","status":"publish","type":"page","link":"https:\/\/marcorosatto.com\/index.php\/captacao-fotografia\/","title":{"rendered":"Outros trabalhos"},"content":{"rendered":"\n<p>Capta\u00e7\u00e3o de v\u00eddeo \/ dire\u00e7\u00e3o de fotografia<\/p>\n\n\n\n<figure class=\"wp-block-video\"><video controls poster=\"https:\/\/marcorosatto.com\/wp-content\/uploads\/2019\/08\/syngenta.jpg\" src=\"https:\/\/marcorosatto.com\/wp-content\/uploads\/2019\/09\/wp-1568550274896.mp4\"><\/video><\/figure>\n\n\n\n<figure class=\"wp-block-embed is-type-video is-provider-vimeo wp-block-embed-vimeo wp-embed-aspect-16-9 wp-has-aspect-ratio\"><div class=\"wp-block-embed__wrapper\">\n<div class=\"fitvids-video\"><iframe loading=\"lazy\" title=\"VITALIV - Receita\" src=\"https:\/\/player.vimeo.com\/video\/472199845?dnt=1&amp;app_id=122963\" width=\"800\" height=\"450\" frameborder=\"0\" allow=\"autoplay; fullscreen; picture-in-picture; clipboard-write; encrypted-media\"><\/iframe><\/div>\n<\/div><\/figure>\n\n\n\n<figure class=\"wp-block-video\"><video controls poster=\"https:\/\/marcorosatto.com\/wp-content\/uploads\/2019\/08\/guarana.jpg\" src=\"https:\/\/marcorosatto.com\/wp-content\/uploads\/2019\/08\/Guaranaacute-Antarctica-Nova-Garrafa-Retornaacutevel-2L-AFTERMOVIE-on-Vimeo.mp4\"><\/video><\/figure>\n\n\n\n<figure class=\"wp-block-video\"><video controls poster=\"https:\/\/marcorosatto.com\/wp-content\/uploads\/2019\/08\/imovelweek.jpg\" src=\"https:\/\/marcorosatto.com\/wp-content\/uploads\/2019\/09\/wp-1568549464725.mp4\"><\/video><\/figure>\n\n\n\n<figure class=\"wp-block-video\"><video controls poster=\"https:\/\/marcorosatto.com\/wp-content\/uploads\/2019\/08\/motorola.jpg\" src=\"https:\/\/marcorosatto.com\/wp-content\/uploads\/2019\/09\/Motorola-A\u00e7\u00e3o-Moto-Z-Glamurama-SP-Fashion-Week.mp4\"><\/video><\/figure>\n\n\n\n<figure class=\"wp-block-embed is-type-video is-provider-vimeo wp-block-embed-vimeo wp-embed-aspect-16-9 wp-has-aspect-ratio\"><div class=\"wp-block-embed__wrapper\">\n<div class=\"fitvids-video\"><iframe loading=\"lazy\" title=\"LIBRASSI\" src=\"https:\/\/player.vimeo.com\/video\/286089532?dnt=1&amp;app_id=122963\" width=\"800\" height=\"450\" frameborder=\"0\" allow=\"autoplay; fullscreen; picture-in-picture; clipboard-write; encrypted-media\"><\/iframe><\/div>\n<\/div><\/figure>\n","protected":false},"excerpt":{"rendered":"<p>Capta\u00e7\u00e3o de v\u00eddeo \/ dire\u00e7\u00e3o de fotografia<\/p>\n","protected":false},"author":1,"featured_media":0,"parent":0,"menu_order":0,"comment_status":"closed","ping_status":"closed","template":"","meta":[],"_links":{"self":[{"href":"https:\/\/marcorosatto.com\/index.php\/wp-json\/wp\/v2\/pages\/133"}],"collection":[{"href":"https:\/\/marcorosatto.com\/index.php\/wp-json\/wp\/v2\/pages"}],"about":[{"href":"https:\/\/marcorosatto.com\/index.php\/wp-json\/wp\/v2\/types\/page"}],"author":[{"embeddable":true,"href":"https:\/\/marcorosatto.com\/index.php\/wp-json\/wp\/v2\/users\/1"}],"replies":[{"embeddable":true,"href":"https:\/\/marcorosatto.com\/index.php\/wp-json\/wp\/v2\/comments?post=133"}],"version-history":[{"count":21,"href":"https:\/\/marcorosatto.com\/index.php\/wp-json\/wp\/v2\/pages\/133\/revisions"}],"predecessor-version":[{"id":489,"href":"https:\/\/marcorosatto.com\/index.php\/wp-json\/wp\/v2\/pages\/133\/revisions\/489"}],"wp:attachment":[{"href":"https:\/\/marcorosatto.com\/index.php\/wp-json\/wp\/v2\/media?parent=133"}],"curies":[{"name":"wp","href":"https:\/\/api.w.org\/{rel}","templated":true}]}}