{"id":67,"date":"2019-08-22T13:04:13","date_gmt":"2019-08-22T16:04:13","guid":{"rendered":"https:\/\/marcorosatto.com\/?page_id=67"},"modified":"2024-10-19T11:12:51","modified_gmt":"2024-10-19T14:12:51","slug":"home","status":"publish","type":"page","link":"https:\/\/marcorosatto.com\/","title":{"rendered":""},"content":{"rendered":"\n<figure class=\"wp-block-embed is-type-video is-provider-vimeo wp-block-embed-vimeo wp-embed-aspect-16-9 wp-has-aspect-ratio\"><div class=\"wp-block-embed__wrapper\">\n<div class=\"fitvids-video\"><iframe loading=\"lazy\" title=\"AGRO REEL\" src=\"https:\/\/player.vimeo.com\/video\/910458644?dnt=1&amp;app_id=122963\" width=\"800\" height=\"450\" frameborder=\"0\" allow=\"autoplay; fullscreen; picture-in-picture\"><\/iframe><\/div>\n<\/div><\/figure>\n\n\n\n<figure class=\"wp-block-embed is-type-video is-provider-vimeo wp-block-embed-vimeo wp-embed-aspect-16-9 wp-has-aspect-ratio\"><div class=\"wp-block-embed__wrapper\">\n<div class=\"fitvids-video\"><iframe loading=\"lazy\" title=\"DEMOREEL\" src=\"https:\/\/player.vimeo.com\/video\/358633762?dnt=1&amp;app_id=122963\" width=\"800\" height=\"450\" frameborder=\"0\" allow=\"autoplay; fullscreen; picture-in-picture\"><\/iframe><\/div>\n<\/div><\/figure>\n\n\n\n<p>Bem vindos! Est\u00e1 precisando fazer um v\u00eddeo, contar uma hist\u00f3ria, divulgar sua marca ou produto?<\/p>\n\n\n\n<p>Que bom! Est\u00e1 no lugar certo!<\/p>\n\n\n\n<p>Entre em contato e vamos trabalhar juntos!<\/p>\n","protected":false},"excerpt":{"rendered":"<p>Bem vindos! Est\u00e1 precisando fazer um v\u00eddeo, contar uma hist\u00f3ria, divulgar sua marca ou produto? Que bom! Est\u00e1 no lugar<\/p>\n","protected":false},"author":1,"featured_media":0,"parent":0,"menu_order":0,"comment_status":"closed","ping_status":"closed","template":"","meta":[],"_links":{"self":[{"href":"https:\/\/marcorosatto.com\/index.php\/wp-json\/wp\/v2\/pages\/67"}],"collection":[{"href":"https:\/\/marcorosatto.com\/index.php\/wp-json\/wp\/v2\/pages"}],"about":[{"href":"https:\/\/marcorosatto.com\/index.php\/wp-json\/wp\/v2\/types\/page"}],"author":[{"embeddable":true,"href":"https:\/\/marcorosatto.com\/index.php\/wp-json\/wp\/v2\/users\/1"}],"replies":[{"embeddable":true,"href":"https:\/\/marcorosatto.com\/index.php\/wp-json\/wp\/v2\/comments?post=67"}],"version-history":[{"count":24,"href":"https:\/\/marcorosatto.com\/index.php\/wp-json\/wp\/v2\/pages\/67\/revisions"}],"predecessor-version":[{"id":469,"href":"https:\/\/marcorosatto.com\/index.php\/wp-json\/wp\/v2\/pages\/67\/revisions\/469"}],"wp:attachment":[{"href":"https:\/\/marcorosatto.com\/index.php\/wp-json\/wp\/v2\/media?parent=67"}],"curies":[{"name":"wp","href":"https:\/\/api.w.org\/{rel}","templated":true}]}}